{"id":3020,"date":"2023-04-26T14:33:16","date_gmt":"2023-04-26T14:33:16","guid":{"rendered":"https:\/\/www.altaripa.be\/wordpress\/prive\/"},"modified":"2024-09-20T08:03:14","modified_gmt":"2024-09-20T08:03:14","slug":"prive","status":"publish","type":"page","link":"https:\/\/altaripa.be\/fr\/prive\/","title":{"rendered":"Priv\u00e9"},"content":{"rendered":"","protected":false},"excerpt":{"rendered":"","protected":false},"author":1,"featured_media":0,"parent":0,"menu_order":2,"comment_status":"closed","ping_status":"closed","template":"","meta":{"footnotes":""},"class_list":["post-3020","page","type-page","status-publish","hentry"],"yoast_head":"<!-- This site is optimized with the Yoast SEO plugin v27.4 - https:\/\/yoast.com\/product\/yoast-seo-wordpress\/ -->\n<title>Priv\u00e9 - Alta Ripa<\/title>\n<meta name=\"description\" content=\"Vous cherchez le lieu id\u00e9al pour votre f\u00eate priv\u00e9e ? Gr\u00e2ce \u00e0 la polyvalence et aux aspects uniques de notre salle de banquet, tout est possible.Opzoek naar de ideale locatie voor uw priv\u00e9feest? Dankzij de veelzijdigheid en unieke aspecten van onze feestzaal is alles mogelijk.\" \/>\n<meta name=\"robots\" content=\"index, follow, max-snippet:-1, max-image-preview:large, max-video-preview:-1\" \/>\n<link rel=\"canonical\" href=\"https:\/\/altaripa.be\/fr\/prive\/\" \/>\n<meta property=\"og:locale\" content=\"fr_FR\" \/>\n<meta property=\"og:type\" content=\"article\" \/>\n<meta property=\"og:title\" content=\"Priv\u00e9 - Alta Ripa\" \/>\n<meta property=\"og:description\" content=\"Vous cherchez le lieu id\u00e9al pour votre f\u00eate priv\u00e9e ? Gr\u00e2ce \u00e0 la polyvalence et aux aspects uniques de notre salle de banquet, tout est possible.Opzoek naar de ideale locatie voor uw priv\u00e9feest? Dankzij de veelzijdigheid en unieke aspecten van onze feestzaal is alles mogelijk.\" \/>\n<meta property=\"og:url\" content=\"https:\/\/altaripa.be\/fr\/prive\/\" \/>\n<meta property=\"og:site_name\" content=\"Alta Ripa\" \/>\n<meta property=\"article:publisher\" content=\"https:\/\/www.facebook.com\/AltaRipaOudTurnhout\/\" \/>\n<meta property=\"article:modified_time\" content=\"2024-09-20T08:03:14+00:00\" \/>\n<meta name=\"twitter:card\" content=\"summary_large_image\" \/>\n<script type=\"application\/ld+json\" class=\"yoast-schema-graph\">{\"@context\":\"https:\\\/\\\/schema.org\",\"@graph\":[{\"@type\":\"WebPage\",\"@id\":\"https:\\\/\\\/altaripa.be\\\/fr\\\/prive\\\/\",\"url\":\"https:\\\/\\\/altaripa.be\\\/fr\\\/prive\\\/\",\"name\":\"Priv\u00e9 - Alta Ripa\",\"isPartOf\":{\"@id\":\"https:\\\/\\\/altaripa.be\\\/fr\\\/#website\"},\"datePublished\":\"2023-04-26T14:33:16+00:00\",\"dateModified\":\"2024-09-20T08:03:14+00:00\",\"description\":\"Vous cherchez le lieu id\u00e9al pour votre f\u00eate priv\u00e9e ? Gr\u00e2ce \u00e0 la polyvalence et aux aspects uniques de notre salle de banquet, tout est possible.Opzoek naar de ideale locatie voor uw priv\u00e9feest? Dankzij de veelzijdigheid en unieke aspecten van onze feestzaal is alles mogelijk.\",\"breadcrumb\":{\"@id\":\"https:\\\/\\\/altaripa.be\\\/fr\\\/prive\\\/#breadcrumb\"},\"inLanguage\":\"fr-FR\",\"potentialAction\":[{\"@type\":\"ReadAction\",\"target\":[\"https:\\\/\\\/altaripa.be\\\/fr\\\/prive\\\/\"]}]},{\"@type\":\"BreadcrumbList\",\"@id\":\"https:\\\/\\\/altaripa.be\\\/fr\\\/prive\\\/#breadcrumb\",\"itemListElement\":[{\"@type\":\"ListItem\",\"position\":1,\"name\":\"Home\",\"item\":\"https:\\\/\\\/altaripa.be\\\/fr\\\/\"},{\"@type\":\"ListItem\",\"position\":2,\"name\":\"Priv\u00e9\"}]},{\"@type\":\"WebSite\",\"@id\":\"https:\\\/\\\/altaripa.be\\\/fr\\\/#website\",\"url\":\"https:\\\/\\\/altaripa.be\\\/fr\\\/\",\"name\":\"Alta Ripa\",\"description\":\"Alta Ripa II in Oud-Turnhout - Events in Stijl\",\"publisher\":{\"@id\":\"https:\\\/\\\/altaripa.be\\\/fr\\\/#organization\"},\"potentialAction\":[{\"@type\":\"SearchAction\",\"target\":{\"@type\":\"EntryPoint\",\"urlTemplate\":\"https:\\\/\\\/altaripa.be\\\/fr\\\/?s={search_term_string}\"},\"query-input\":{\"@type\":\"PropertyValueSpecification\",\"valueRequired\":true,\"valueName\":\"search_term_string\"}}],\"inLanguage\":\"fr-FR\"},{\"@type\":\"Organization\",\"@id\":\"https:\\\/\\\/altaripa.be\\\/fr\\\/#organization\",\"name\":\"Alta Ripa II\",\"url\":\"https:\\\/\\\/altaripa.be\\\/fr\\\/\",\"logo\":{\"@type\":\"ImageObject\",\"inLanguage\":\"fr-FR\",\"@id\":\"https:\\\/\\\/altaripa.be\\\/fr\\\/#\\\/schema\\\/logo\\\/image\\\/\",\"url\":\"https:\\\/\\\/altaripa.be\\\/wp-content\\\/uploads\\\/2023\\\/04\\\/text-altaripa.svg\",\"contentUrl\":\"https:\\\/\\\/altaripa.be\\\/wp-content\\\/uploads\\\/2023\\\/04\\\/text-altaripa.svg\",\"caption\":\"Alta Ripa II\"},\"image\":{\"@id\":\"https:\\\/\\\/altaripa.be\\\/fr\\\/#\\\/schema\\\/logo\\\/image\\\/\"},\"sameAs\":[\"https:\\\/\\\/www.facebook.com\\\/AltaRipaOudTurnhout\\\/\"]}]}<\/script>\n<!-- \/ Yoast SEO plugin. -->","yoast_head_json":{"title":"Priv\u00e9 - Alta Ripa","description":"Vous cherchez le lieu id\u00e9al pour votre f\u00eate priv\u00e9e ? Gr\u00e2ce \u00e0 la polyvalence et aux aspects uniques de notre salle de banquet, tout est possible.Opzoek naar de ideale locatie voor uw priv\u00e9feest? Dankzij de veelzijdigheid en unieke aspecten van onze feestzaal is alles mogelijk.","robots":{"index":"index","follow":"follow","max-snippet":"max-snippet:-1","max-image-preview":"max-image-preview:large","max-video-preview":"max-video-preview:-1"},"canonical":"https:\/\/altaripa.be\/fr\/prive\/","og_locale":"fr_FR","og_type":"article","og_title":"Priv\u00e9 - Alta Ripa","og_description":"Vous cherchez le lieu id\u00e9al pour votre f\u00eate priv\u00e9e ? Gr\u00e2ce \u00e0 la polyvalence et aux aspects uniques de notre salle de banquet, tout est possible.Opzoek naar de ideale locatie voor uw priv\u00e9feest? Dankzij de veelzijdigheid en unieke aspecten van onze feestzaal is alles mogelijk.","og_url":"https:\/\/altaripa.be\/fr\/prive\/","og_site_name":"Alta Ripa","article_publisher":"https:\/\/www.facebook.com\/AltaRipaOudTurnhout\/","article_modified_time":"2024-09-20T08:03:14+00:00","twitter_card":"summary_large_image","schema":{"@context":"https:\/\/schema.org","@graph":[{"@type":"WebPage","@id":"https:\/\/altaripa.be\/fr\/prive\/","url":"https:\/\/altaripa.be\/fr\/prive\/","name":"Priv\u00e9 - Alta Ripa","isPartOf":{"@id":"https:\/\/altaripa.be\/fr\/#website"},"datePublished":"2023-04-26T14:33:16+00:00","dateModified":"2024-09-20T08:03:14+00:00","description":"Vous cherchez le lieu id\u00e9al pour votre f\u00eate priv\u00e9e ? Gr\u00e2ce \u00e0 la polyvalence et aux aspects uniques de notre salle de banquet, tout est possible.Opzoek naar de ideale locatie voor uw priv\u00e9feest? Dankzij de veelzijdigheid en unieke aspecten van onze feestzaal is alles mogelijk.","breadcrumb":{"@id":"https:\/\/altaripa.be\/fr\/prive\/#breadcrumb"},"inLanguage":"fr-FR","potentialAction":[{"@type":"ReadAction","target":["https:\/\/altaripa.be\/fr\/prive\/"]}]},{"@type":"BreadcrumbList","@id":"https:\/\/altaripa.be\/fr\/prive\/#breadcrumb","itemListElement":[{"@type":"ListItem","position":1,"name":"Home","item":"https:\/\/altaripa.be\/fr\/"},{"@type":"ListItem","position":2,"name":"Priv\u00e9"}]},{"@type":"WebSite","@id":"https:\/\/altaripa.be\/fr\/#website","url":"https:\/\/altaripa.be\/fr\/","name":"Alta Ripa","description":"Alta Ripa II in Oud-Turnhout - Events in Stijl","publisher":{"@id":"https:\/\/altaripa.be\/fr\/#organization"},"potentialAction":[{"@type":"SearchAction","target":{"@type":"EntryPoint","urlTemplate":"https:\/\/altaripa.be\/fr\/?s={search_term_string}"},"query-input":{"@type":"PropertyValueSpecification","valueRequired":true,"valueName":"search_term_string"}}],"inLanguage":"fr-FR"},{"@type":"Organization","@id":"https:\/\/altaripa.be\/fr\/#organization","name":"Alta Ripa II","url":"https:\/\/altaripa.be\/fr\/","logo":{"@type":"ImageObject","inLanguage":"fr-FR","@id":"https:\/\/altaripa.be\/fr\/#\/schema\/logo\/image\/","url":"https:\/\/altaripa.be\/wp-content\/uploads\/2023\/04\/text-altaripa.svg","contentUrl":"https:\/\/altaripa.be\/wp-content\/uploads\/2023\/04\/text-altaripa.svg","caption":"Alta Ripa II"},"image":{"@id":"https:\/\/altaripa.be\/fr\/#\/schema\/logo\/image\/"},"sameAs":["https:\/\/www.facebook.com\/AltaRipaOudTurnhout\/"]}]}},"_links":{"self":[{"href":"https:\/\/altaripa.be\/fr\/wp-json\/wp\/v2\/pages\/3020","targetHints":{"allow":["GET"]}}],"collection":[{"href":"https:\/\/altaripa.be\/fr\/wp-json\/wp\/v2\/pages"}],"about":[{"href":"https:\/\/altaripa.be\/fr\/wp-json\/wp\/v2\/types\/page"}],"author":[{"embeddable":true,"href":"https:\/\/altaripa.be\/fr\/wp-json\/wp\/v2\/users\/1"}],"replies":[{"embeddable":true,"href":"https:\/\/altaripa.be\/fr\/wp-json\/wp\/v2\/comments?post=3020"}],"version-history":[{"count":0,"href":"https:\/\/altaripa.be\/fr\/wp-json\/wp\/v2\/pages\/3020\/revisions"}],"wp:attachment":[{"href":"https:\/\/altaripa.be\/fr\/wp-json\/wp\/v2\/media?parent=3020"}],"curies":[{"name":"wp","href":"https:\/\/api.w.org\/{rel}","templated":true}]}}