{"id":3721,"date":"2023-12-15T10:37:48","date_gmt":"2023-12-15T10:37:48","guid":{"rendered":"https:\/\/www.altaripa.be\/wordpress\/restauration-externe\/"},"modified":"2024-09-20T08:01:35","modified_gmt":"2024-09-20T08:01:35","slug":"restauration-externe","status":"publish","type":"page","link":"https:\/\/altaripa.be\/fr\/restauration-externe\/","title":{"rendered":"Restauration externe"},"content":{"rendered":"\t\t<div data-elementor-type=\"wp-page\" data-elementor-id=\"3721\" class=\"elementor elementor-3721 elementor-3590\" data-elementor-post-type=\"page\">\n\t\t\t\t\t\t<section class=\"elementor-section elementor-inner-section elementor-element elementor-element-1fbbbeb9 elementor-section-boxed elementor-section-height-default elementor-section-height-default\" data-id=\"1fbbbeb9\" data-element_type=\"section\">\n\t\t\t\t\t\t<div class=\"elementor-container elementor-column-gap-no\">\n\t\t\t\t\t<div class=\"elementor-column elementor-col-50 elementor-inner-column elementor-element elementor-element-da0a640\" data-id=\"da0a640\" data-element_type=\"column\">\n\t\t\t<div class=\"elementor-widget-wrap elementor-element-populated\">\n\t\t\t\t\t\t<div class=\"elementor-element elementor-element-200e54f elementor-widget-divider--view-line elementor-widget elementor-widget-divider\" data-id=\"200e54f\" data-element_type=\"widget\" data-widget_type=\"divider.default\">\n\t\t\t\t\t\t\t<div class=\"elementor-divider\">\n\t\t\t<span class=\"elementor-divider-separator\">\n\t\t\t\t\t\t<\/span>\n\t\t<\/div>\n\t\t\t\t\t\t<\/div>\n\t\t\t\t<div class=\"elementor-element elementor-element-be41916 elementor-widget elementor-widget-image\" data-id=\"be41916\" data-element_type=\"widget\" data-widget_type=\"image.default\">\n\t\t\t\t\t\t\t\t\t\t\t\t\t\t\t<img fetchpriority=\"high\" decoding=\"async\" width=\"768\" height=\"1024\" src=\"https:\/\/altaripa.be\/wp-content\/uploads\/2023\/12\/image00009-768x1024.webp\" class=\"attachment-large size-large wp-image-3593\" alt=\"Receptie ruimte GEWA\" srcset=\"https:\/\/altaripa.be\/wp-content\/uploads\/2023\/12\/image00009-768x1024.webp 768w, https:\/\/altaripa.be\/wp-content\/uploads\/2023\/12\/image00009-225x300.webp 225w, https:\/\/altaripa.be\/wp-content\/uploads\/2023\/12\/image00009-1152x1536.webp 1152w, https:\/\/altaripa.be\/wp-content\/uploads\/2023\/12\/image00009-1536x2048.webp 1536w, https:\/\/altaripa.be\/wp-content\/uploads\/2023\/12\/image00009-scaled.webp 1920w\" sizes=\"(max-width: 768px) 100vw, 768px\" \/>\t\t\t\t\t\t\t\t\t\t\t\t\t\t\t<\/div>\n\t\t\t\t\t<\/div>\n\t\t<\/div>\n\t\t\t\t<div class=\"elementor-column elementor-col-50 elementor-inner-column elementor-element elementor-element-7e3b9a76\" data-id=\"7e3b9a76\" data-element_type=\"column\">\n\t\t\t<div class=\"elementor-widget-wrap elementor-element-populated\">\n\t\t\t\t\t\t<div class=\"elementor-element elementor-element-d576445 elementor-widget-divider--view-line elementor-widget elementor-widget-divider\" data-id=\"d576445\" data-element_type=\"widget\" data-widget_type=\"divider.default\">\n\t\t\t\t\t\t\t<div class=\"elementor-divider\">\n\t\t\t<span class=\"elementor-divider-separator\">\n\t\t\t\t\t\t<\/span>\n\t\t<\/div>\n\t\t\t\t\t\t<\/div>\n\t\t\t\t<div class=\"elementor-element elementor-element-702ad27b elementor-widget elementor-widget-heading\" data-id=\"702ad27b\" data-element_type=\"widget\" data-widget_type=\"heading.default\">\n\t\t\t\t\t<h2 class=\"elementor-heading-title elementor-size-default\">Vous disposez d'un bel endroit et vous \u00eates toujours \u00e0 la recherche d'un service de restauration ?<\/h2>\t\t\t\t<\/div>\n\t\t\t\t<div class=\"elementor-element elementor-element-d6b5d58 elementor-widget elementor-widget-text-editor\" data-id=\"d6b5d58\" data-element_type=\"widget\" data-widget_type=\"text-editor.default\">\n\t\t\t\t\t\t\t\t\t<p>Un espace d&rsquo;usine moderne ou un jardin romantique, &#8230;<\/p>\n<p>Avez-vous un espace qui vous invite \u00e0 une f\u00eate et souhaitez-vous le combiner avec la qualit\u00e9 d&rsquo;Alta Ripa ?<\/p>\n<p>Contactez-nous pour un devis personnalis\u00e9.<\/p>\t\t\t\t\t\t\t\t<\/div>\n\t\t\t\t<div class=\"elementor-element elementor-element-15cf704b elementor-icon-list--layout-traditional elementor-list-item-link-full_width elementor-widget elementor-widget-icon-list\" data-id=\"15cf704b\" data-element_type=\"widget\" data-widget_type=\"icon-list.default\">\n\t\t\t\t\t\t\t<ul class=\"elementor-icon-list-items\">\n\t\t\t\t\t\t\t<li class=\"elementor-icon-list-item\">\n\t\t\t\t\t\t\t\t\t\t\t<span class=\"elementor-icon-list-icon\">\n\t\t\t\t\t\t\t<svg aria-hidden=\"true\" class=\"e-font-icon-svg e-fas-check\" viewBox=\"0 0 512 512\" xmlns=\"http:\/\/www.w3.org\/2000\/svg\"><path d=\"M173.898 439.404l-166.4-166.4c-9.997-9.997-9.997-26.206 0-36.204l36.203-36.204c9.997-9.998 26.207-9.998 36.204 0L192 312.69 432.095 72.596c9.997-9.997 26.207-9.997 36.204 0l36.203 36.204c9.997 9.997 9.997 26.206 0 36.204l-294.4 294.401c-9.998 9.997-26.207 9.997-36.204-.001z\"><\/path><\/svg>\t\t\t\t\t\t<\/span>\n\t\t\t\t\t\t\t\t\t\t<span class=\"elementor-icon-list-text\">Des ingr\u00e9dients de qualit\u00e9<\/span>\n\t\t\t\t\t\t\t\t\t<\/li>\n\t\t\t\t\t\t\t\t<li class=\"elementor-icon-list-item\">\n\t\t\t\t\t\t\t\t\t\t\t<span class=\"elementor-icon-list-icon\">\n\t\t\t\t\t\t\t<svg aria-hidden=\"true\" class=\"e-font-icon-svg e-fas-check\" viewBox=\"0 0 512 512\" xmlns=\"http:\/\/www.w3.org\/2000\/svg\"><path d=\"M173.898 439.404l-166.4-166.4c-9.997-9.997-9.997-26.206 0-36.204l36.203-36.204c9.997-9.998 26.207-9.998 36.204 0L192 312.69 432.095 72.596c9.997-9.997 26.207-9.997 36.204 0l36.203 36.204c9.997 9.997 9.997 26.206 0 36.204l-294.4 294.401c-9.998 9.997-26.207 9.997-36.204-.001z\"><\/path><\/svg>\t\t\t\t\t\t<\/span>\n\t\t\t\t\t\t\t\t\t\t<span class=\"elementor-icon-list-text\">Equipe professionelle<\/span>\n\t\t\t\t\t\t\t\t\t<\/li>\n\t\t\t\t\t\t\t\t<li class=\"elementor-icon-list-item\">\n\t\t\t\t\t\t\t\t\t\t\t<span class=\"elementor-icon-list-icon\">\n\t\t\t\t\t\t\t<svg aria-hidden=\"true\" class=\"e-font-icon-svg e-fas-check\" viewBox=\"0 0 512 512\" xmlns=\"http:\/\/www.w3.org\/2000\/svg\"><path d=\"M173.898 439.404l-166.4-166.4c-9.997-9.997-9.997-26.206 0-36.204l36.203-36.204c9.997-9.998 26.207-9.998 36.204 0L192 312.69 432.095 72.596c9.997-9.997 26.207-9.997 36.204 0l36.203 36.204c9.997 9.997 9.997 26.206 0 36.204l-294.4 294.401c-9.998 9.997-26.207 9.997-36.204-.001z\"><\/path><\/svg>\t\t\t\t\t\t<\/span>\n\t\t\t\t\t\t\t\t\t\t<span class=\"elementor-icon-list-text\">Sans craintes<\/span>\n\t\t\t\t\t\t\t\t\t<\/li>\n\t\t\t\t\t\t<\/ul>\n\t\t\t\t\t\t<\/div>\n\t\t\t\t\t<\/div>\n\t\t<\/div>\n\t\t\t\t\t<\/div>\n\t\t<\/section>\n\t\t<div class=\"elementor-element elementor-element-08853b2 e-grid e-con-boxed e-con e-parent\" data-id=\"08853b2\" data-element_type=\"container\">\n\t\t\t\t\t<div class=\"e-con-inner\">\n\t\t\t\t<div class=\"elementor-element elementor-element-086764c elementor-widget elementor-widget-image\" data-id=\"086764c\" data-element_type=\"widget\" data-widget_type=\"image.default\">\n\t\t\t\t\t\t\t\t\t\t\t\t\t\t\t<img decoding=\"async\" width=\"800\" height=\"534\" src=\"https:\/\/altaripa.be\/wp-content\/uploads\/2023\/12\/image00005-jpeg.webp\" class=\"attachment-large size-large wp-image-3646\" alt=\"Voorbereiding walking dinner\" \/>\t\t\t\t\t\t\t\t\t\t\t\t\t\t\t<\/div>\n\t\t\t\t<div class=\"elementor-element elementor-element-2a85b4d elementor-widget elementor-widget-image\" data-id=\"2a85b4d\" data-element_type=\"widget\" data-widget_type=\"image.default\">\n\t\t\t\t\t\t\t\t\t\t\t\t\t\t\t<img decoding=\"async\" width=\"800\" height=\"534\" src=\"https:\/\/altaripa.be\/wp-content\/uploads\/2023\/12\/image00008-jpeg.webp\" class=\"attachment-large size-large wp-image-3652\" alt=\"Walking dinner gerechtje met paling\" \/>\t\t\t\t\t\t\t\t\t\t\t\t\t\t\t<\/div>\n\t\t\t\t<div class=\"elementor-element elementor-element-a018d12 elementor-widget elementor-widget-image\" data-id=\"a018d12\" data-element_type=\"widget\" data-widget_type=\"image.default\">\n\t\t\t\t\t\t\t\t\t\t\t\t\t\t\t<img loading=\"lazy\" decoding=\"async\" width=\"800\" height=\"533\" src=\"https:\/\/altaripa.be\/wp-content\/uploads\/2023\/12\/image00003-jpeg.webp\" class=\"attachment-large size-large wp-image-3661\" alt=\"Walking dinner gerechtje met krab\" \/>\t\t\t\t\t\t\t\t\t\t\t\t\t\t\t<\/div>\n\t\t\t\t<div class=\"elementor-element elementor-element-d351509 elementor-widget elementor-widget-image\" data-id=\"d351509\" data-element_type=\"widget\" data-widget_type=\"image.default\">\n\t\t\t\t\t\t\t\t\t\t\t\t\t\t\t<img loading=\"lazy\" decoding=\"async\" width=\"800\" height=\"534\" src=\"https:\/\/altaripa.be\/wp-content\/uploads\/2023\/12\/image00004-jpeg.webp\" class=\"attachment-large size-large wp-image-3664\" alt=\"Walking dinner gerechtje met rundstartaar\" \/>\t\t\t\t\t\t\t\t\t\t\t\t\t\t\t<\/div>\n\t\t\t\t<div class=\"elementor-element elementor-element-c881a64 elementor-widget elementor-widget-image\" data-id=\"c881a64\" data-element_type=\"widget\" data-widget_type=\"image.default\">\n\t\t\t\t\t\t\t\t\t\t\t\t\t\t\t<img loading=\"lazy\" decoding=\"async\" width=\"800\" height=\"534\" src=\"https:\/\/altaripa.be\/wp-content\/uploads\/2023\/12\/image00002-jpeg.webp\" class=\"attachment-large size-large wp-image-3658\" alt=\"Walking dinner gerechtje met kabeljauw\" \/>\t\t\t\t\t\t\t\t\t\t\t\t\t\t\t<\/div>\n\t\t\t\t\t<\/div>\n\t\t\t\t<\/div>\n\t\t<div class=\"elementor-element elementor-element-6bd7731 e-flex e-con-boxed e-con e-parent\" data-id=\"6bd7731\" data-element_type=\"container\">\n\t\t\t\t\t<div class=\"e-con-inner\">\n\t\t\t\t\t<\/div>\n\t\t\t\t<\/div>\n\t\t\t\t<\/div>\n\t\t","protected":false},"excerpt":{"rendered":"<p>Vous disposez d&rsquo;un bel endroit et vous \u00eates toujours \u00e0 la recherche d&rsquo;un service de restauration ? Un espace d&rsquo;usine moderne ou un jardin romantique, &#8230; Avez-vous un espace qui vous invite \u00e0 une f\u00eate et souhaitez-vous le combiner avec la qualit\u00e9 d&rsquo;Alta Ripa ? Contactez-nous pour un devis personnalis\u00e9. Des ingr\u00e9dients de qualit\u00e9 Equipe [&hellip;]<\/p>\n","protected":false},"author":2,"featured_media":0,"parent":0,"menu_order":0,"comment_status":"closed","ping_status":"closed","template":"","meta":{"footnotes":""},"class_list":["post-3721","page","type-page","status-publish","hentry"],"yoast_head":"<!-- This site is optimized with the Yoast SEO plugin v27.4 - https:\/\/yoast.com\/product\/yoast-seo-wordpress\/ -->\n<title>Restauration externe - Alta Ripa<\/title>\n<meta name=\"description\" content=\"Vous cherchez un traiteur pour votre f\u00eate d&#039;entreprise ? Alta Ripa II vient \u00e0 vous avec la qualit\u00e9 et l&#039;expertise que nous offrons \u00e9galement dans notre salle de banquet.\" \/>\n<meta name=\"robots\" content=\"index, follow, max-snippet:-1, max-image-preview:large, max-video-preview:-1\" \/>\n<link rel=\"canonical\" href=\"https:\/\/altaripa.be\/fr\/restauration-externe\/\" \/>\n<meta property=\"og:locale\" content=\"fr_FR\" \/>\n<meta property=\"og:type\" content=\"article\" \/>\n<meta property=\"og:title\" content=\"Restauration externe - Alta Ripa\" \/>\n<meta property=\"og:description\" content=\"Vous cherchez un traiteur pour votre f\u00eate d&#039;entreprise ? Alta Ripa II vient \u00e0 vous avec la qualit\u00e9 et l&#039;expertise que nous offrons \u00e9galement dans notre salle de banquet.\" \/>\n<meta property=\"og:url\" content=\"https:\/\/altaripa.be\/fr\/restauration-externe\/\" \/>\n<meta property=\"og:site_name\" content=\"Alta Ripa\" \/>\n<meta property=\"article:publisher\" content=\"https:\/\/www.facebook.com\/AltaRipaOudTurnhout\/\" \/>\n<meta property=\"article:modified_time\" content=\"2024-09-20T08:01:35+00:00\" \/>\n<meta property=\"og:image\" content=\"https:\/\/altaripa.be\/wp-content\/uploads\/2023\/12\/image00009-scaled-e1720095413706-972x1024.jpg\" \/>\n<meta name=\"twitter:card\" content=\"summary_large_image\" \/>\n<script type=\"application\/ld+json\" class=\"yoast-schema-graph\">{\"@context\":\"https:\\\/\\\/schema.org\",\"@graph\":[{\"@type\":\"WebPage\",\"@id\":\"https:\\\/\\\/altaripa.be\\\/fr\\\/restauration-externe\\\/\",\"url\":\"https:\\\/\\\/altaripa.be\\\/fr\\\/restauration-externe\\\/\",\"name\":\"Restauration externe - Alta Ripa\",\"isPartOf\":{\"@id\":\"https:\\\/\\\/altaripa.be\\\/fr\\\/#website\"},\"primaryImageOfPage\":{\"@id\":\"https:\\\/\\\/altaripa.be\\\/fr\\\/restauration-externe\\\/#primaryimage\"},\"image\":{\"@id\":\"https:\\\/\\\/altaripa.be\\\/fr\\\/restauration-externe\\\/#primaryimage\"},\"thumbnailUrl\":\"https:\\\/\\\/altaripa.be\\\/wp-content\\\/uploads\\\/2023\\\/12\\\/image00009-scaled-e1720095413706-972x1024.jpg\",\"datePublished\":\"2023-12-15T10:37:48+00:00\",\"dateModified\":\"2024-09-20T08:01:35+00:00\",\"description\":\"Vous cherchez un traiteur pour votre f\u00eate d'entreprise ? Alta Ripa II vient \u00e0 vous avec la qualit\u00e9 et l'expertise que nous offrons \u00e9galement dans notre salle de banquet.\",\"breadcrumb\":{\"@id\":\"https:\\\/\\\/altaripa.be\\\/fr\\\/restauration-externe\\\/#breadcrumb\"},\"inLanguage\":\"fr-FR\",\"potentialAction\":[{\"@type\":\"ReadAction\",\"target\":[\"https:\\\/\\\/altaripa.be\\\/fr\\\/restauration-externe\\\/\"]}]},{\"@type\":\"ImageObject\",\"inLanguage\":\"fr-FR\",\"@id\":\"https:\\\/\\\/altaripa.be\\\/fr\\\/restauration-externe\\\/#primaryimage\",\"url\":\"https:\\\/\\\/altaripa.be\\\/wp-content\\\/uploads\\\/2023\\\/12\\\/image00009-scaled-e1720095413706-972x1024.jpg\",\"contentUrl\":\"https:\\\/\\\/altaripa.be\\\/wp-content\\\/uploads\\\/2023\\\/12\\\/image00009-scaled-e1720095413706-972x1024.jpg\"},{\"@type\":\"BreadcrumbList\",\"@id\":\"https:\\\/\\\/altaripa.be\\\/fr\\\/restauration-externe\\\/#breadcrumb\",\"itemListElement\":[{\"@type\":\"ListItem\",\"position\":1,\"name\":\"Home\",\"item\":\"https:\\\/\\\/altaripa.be\\\/fr\\\/\"},{\"@type\":\"ListItem\",\"position\":2,\"name\":\"Restauration externe\"}]},{\"@type\":\"WebSite\",\"@id\":\"https:\\\/\\\/altaripa.be\\\/fr\\\/#website\",\"url\":\"https:\\\/\\\/altaripa.be\\\/fr\\\/\",\"name\":\"Alta Ripa\",\"description\":\"Alta Ripa II in Oud-Turnhout - Events in Stijl\",\"publisher\":{\"@id\":\"https:\\\/\\\/altaripa.be\\\/fr\\\/#organization\"},\"potentialAction\":[{\"@type\":\"SearchAction\",\"target\":{\"@type\":\"EntryPoint\",\"urlTemplate\":\"https:\\\/\\\/altaripa.be\\\/fr\\\/?s={search_term_string}\"},\"query-input\":{\"@type\":\"PropertyValueSpecification\",\"valueRequired\":true,\"valueName\":\"search_term_string\"}}],\"inLanguage\":\"fr-FR\"},{\"@type\":\"Organization\",\"@id\":\"https:\\\/\\\/altaripa.be\\\/fr\\\/#organization\",\"name\":\"Alta Ripa II\",\"url\":\"https:\\\/\\\/altaripa.be\\\/fr\\\/\",\"logo\":{\"@type\":\"ImageObject\",\"inLanguage\":\"fr-FR\",\"@id\":\"https:\\\/\\\/altaripa.be\\\/fr\\\/#\\\/schema\\\/logo\\\/image\\\/\",\"url\":\"https:\\\/\\\/altaripa.be\\\/wp-content\\\/uploads\\\/2023\\\/04\\\/text-altaripa.svg\",\"contentUrl\":\"https:\\\/\\\/altaripa.be\\\/wp-content\\\/uploads\\\/2023\\\/04\\\/text-altaripa.svg\",\"caption\":\"Alta Ripa II\"},\"image\":{\"@id\":\"https:\\\/\\\/altaripa.be\\\/fr\\\/#\\\/schema\\\/logo\\\/image\\\/\"},\"sameAs\":[\"https:\\\/\\\/www.facebook.com\\\/AltaRipaOudTurnhout\\\/\"]}]}<\/script>\n<!-- \/ Yoast SEO plugin. -->","yoast_head_json":{"title":"Restauration externe - Alta Ripa","description":"Vous cherchez un traiteur pour votre f\u00eate d'entreprise ? Alta Ripa II vient \u00e0 vous avec la qualit\u00e9 et l'expertise que nous offrons \u00e9galement dans notre salle de banquet.","robots":{"index":"index","follow":"follow","max-snippet":"max-snippet:-1","max-image-preview":"max-image-preview:large","max-video-preview":"max-video-preview:-1"},"canonical":"https:\/\/altaripa.be\/fr\/restauration-externe\/","og_locale":"fr_FR","og_type":"article","og_title":"Restauration externe - Alta Ripa","og_description":"Vous cherchez un traiteur pour votre f\u00eate d'entreprise ? Alta Ripa II vient \u00e0 vous avec la qualit\u00e9 et l'expertise que nous offrons \u00e9galement dans notre salle de banquet.","og_url":"https:\/\/altaripa.be\/fr\/restauration-externe\/","og_site_name":"Alta Ripa","article_publisher":"https:\/\/www.facebook.com\/AltaRipaOudTurnhout\/","article_modified_time":"2024-09-20T08:01:35+00:00","og_image":[{"url":"https:\/\/altaripa.be\/wp-content\/uploads\/2023\/12\/image00009-scaled-e1720095413706-972x1024.jpg","type":"","width":"","height":""}],"twitter_card":"summary_large_image","schema":{"@context":"https:\/\/schema.org","@graph":[{"@type":"WebPage","@id":"https:\/\/altaripa.be\/fr\/restauration-externe\/","url":"https:\/\/altaripa.be\/fr\/restauration-externe\/","name":"Restauration externe - Alta Ripa","isPartOf":{"@id":"https:\/\/altaripa.be\/fr\/#website"},"primaryImageOfPage":{"@id":"https:\/\/altaripa.be\/fr\/restauration-externe\/#primaryimage"},"image":{"@id":"https:\/\/altaripa.be\/fr\/restauration-externe\/#primaryimage"},"thumbnailUrl":"https:\/\/altaripa.be\/wp-content\/uploads\/2023\/12\/image00009-scaled-e1720095413706-972x1024.jpg","datePublished":"2023-12-15T10:37:48+00:00","dateModified":"2024-09-20T08:01:35+00:00","description":"Vous cherchez un traiteur pour votre f\u00eate d'entreprise ? Alta Ripa II vient \u00e0 vous avec la qualit\u00e9 et l'expertise que nous offrons \u00e9galement dans notre salle de banquet.","breadcrumb":{"@id":"https:\/\/altaripa.be\/fr\/restauration-externe\/#breadcrumb"},"inLanguage":"fr-FR","potentialAction":[{"@type":"ReadAction","target":["https:\/\/altaripa.be\/fr\/restauration-externe\/"]}]},{"@type":"ImageObject","inLanguage":"fr-FR","@id":"https:\/\/altaripa.be\/fr\/restauration-externe\/#primaryimage","url":"https:\/\/altaripa.be\/wp-content\/uploads\/2023\/12\/image00009-scaled-e1720095413706-972x1024.jpg","contentUrl":"https:\/\/altaripa.be\/wp-content\/uploads\/2023\/12\/image00009-scaled-e1720095413706-972x1024.jpg"},{"@type":"BreadcrumbList","@id":"https:\/\/altaripa.be\/fr\/restauration-externe\/#breadcrumb","itemListElement":[{"@type":"ListItem","position":1,"name":"Home","item":"https:\/\/altaripa.be\/fr\/"},{"@type":"ListItem","position":2,"name":"Restauration externe"}]},{"@type":"WebSite","@id":"https:\/\/altaripa.be\/fr\/#website","url":"https:\/\/altaripa.be\/fr\/","name":"Alta Ripa","description":"Alta Ripa II in Oud-Turnhout - Events in Stijl","publisher":{"@id":"https:\/\/altaripa.be\/fr\/#organization"},"potentialAction":[{"@type":"SearchAction","target":{"@type":"EntryPoint","urlTemplate":"https:\/\/altaripa.be\/fr\/?s={search_term_string}"},"query-input":{"@type":"PropertyValueSpecification","valueRequired":true,"valueName":"search_term_string"}}],"inLanguage":"fr-FR"},{"@type":"Organization","@id":"https:\/\/altaripa.be\/fr\/#organization","name":"Alta Ripa II","url":"https:\/\/altaripa.be\/fr\/","logo":{"@type":"ImageObject","inLanguage":"fr-FR","@id":"https:\/\/altaripa.be\/fr\/#\/schema\/logo\/image\/","url":"https:\/\/altaripa.be\/wp-content\/uploads\/2023\/04\/text-altaripa.svg","contentUrl":"https:\/\/altaripa.be\/wp-content\/uploads\/2023\/04\/text-altaripa.svg","caption":"Alta Ripa II"},"image":{"@id":"https:\/\/altaripa.be\/fr\/#\/schema\/logo\/image\/"},"sameAs":["https:\/\/www.facebook.com\/AltaRipaOudTurnhout\/"]}]}},"_links":{"self":[{"href":"https:\/\/altaripa.be\/fr\/wp-json\/wp\/v2\/pages\/3721","targetHints":{"allow":["GET"]}}],"collection":[{"href":"https:\/\/altaripa.be\/fr\/wp-json\/wp\/v2\/pages"}],"about":[{"href":"https:\/\/altaripa.be\/fr\/wp-json\/wp\/v2\/types\/page"}],"author":[{"embeddable":true,"href":"https:\/\/altaripa.be\/fr\/wp-json\/wp\/v2\/users\/2"}],"replies":[{"embeddable":true,"href":"https:\/\/altaripa.be\/fr\/wp-json\/wp\/v2\/comments?post=3721"}],"version-history":[{"count":0,"href":"https:\/\/altaripa.be\/fr\/wp-json\/wp\/v2\/pages\/3721\/revisions"}],"wp:attachment":[{"href":"https:\/\/altaripa.be\/fr\/wp-json\/wp\/v2\/media?parent=3721"}],"curies":[{"name":"wp","href":"https:\/\/api.w.org\/{rel}","templated":true}]}}