{"id":3970,"date":"2024-03-07T08:58:41","date_gmt":"2024-03-07T08:58:41","guid":{"rendered":"https:\/\/www.altaripa.be\/wordpress\/jour-de-linspiration\/"},"modified":"2025-01-30T10:24:39","modified_gmt":"2025-01-30T10:24:39","slug":"jour-de-linspiration","status":"publish","type":"page","link":"https:\/\/altaripa.be\/fr\/jour-de-linspiration\/","title":{"rendered":"Journ\u00e9e d&rsquo;inspiration : dimanche 28 avril"},"content":{"rendered":"\t\t<div data-elementor-type=\"wp-page\" data-elementor-id=\"3970\" class=\"elementor elementor-3970\" data-elementor-post-type=\"page\">\n\t\t\t\t<div class=\"elementor-element elementor-element-13b7cda e-flex e-con-boxed e-con e-parent\" data-id=\"13b7cda\" data-element_type=\"container\">\n\t\t\t\t\t<div class=\"e-con-inner\">\n\t\t\t\t<div class=\"elementor-element elementor-element-9bddc34 elementor-widget elementor-widget-text-editor\" data-id=\"9bddc34\" data-element_type=\"widget\" data-widget_type=\"text-editor.default\">\n\t\t\t\t\t\t\t\t\t<p>Nous organisons une journ\u00e9e d&rsquo;inspiration exclusive pour faire connaissance avec notre salle de bal unique et nos incroyables fournisseurs !<br \/>Qu&rsquo;il s&rsquo;agisse d&rsquo;un mariage, d&rsquo;un anniversaire, d&rsquo;une f\u00eate du personnel ou de toute autre occasion sp\u00e9ciale, cette journ\u00e9e promet d&rsquo;\u00eatre une source d&rsquo;inspiration pour l&rsquo;\u00e9v\u00e9nement de vos r\u00eaves.<\/p>\n<p>\u00c0 quoi pouvez-vous vous attendre ?<\/p>\n<p><span class=\"x3nfvp2 x1j61x8r x1fcty0u xdj266r xhhsvwb xat24cr xgzva0m xxymvpz xlup9mm x1kky2od\"><img decoding=\"async\" class=\"xz74otr\" src=\"https:\/\/static.xx.fbcdn.net\/images\/emoji.php\/v9\/t7b\/1.5\/16\/2728.png\" alt=\"\u2728\" width=\"16\" height=\"16\"><\/span>Visite de la salle de bal : d\u00e9couvrez les salles uniques et laissez-vous inspirer par les possibilit\u00e9s offertes.<br \/><span class=\"x3nfvp2 x1j61x8r x1fcty0u xdj266r xhhsvwb xat24cr xgzva0m xxymvpz xlup9mm x1kky2od\"><img decoding=\"async\" class=\"xz74otr\" src=\"https:\/\/static.xx.fbcdn.net\/images\/emoji.php\/v9\/t7b\/1.5\/16\/2728.png\" alt=\"\u2728\" width=\"16\" height=\"16\"><\/span>Rencontrez nos fournisseurs : des fleuristes aux DJ en passant par les photographes, faites connaissance avec les personnes qui rendront votre \u00e9v\u00e9nement inoubliable.<br \/><span class=\"x3nfvp2 x1j61x8r x1fcty0u xdj266r xhhsvwb xat24cr xgzva0m xxymvpz xlup9mm x1kky2od\"><img decoding=\"async\" class=\"xz74otr\" src=\"https:\/\/static.xx.fbcdn.net\/images\/emoji.php\/v9\/t7b\/1.5\/16\/2728.png\" alt=\"\u2728\" width=\"16\" height=\"16\"><\/span>D\u00e9gustations : d\u00e9gustez de d\u00e9licieux en-cas et boissons tout en explorant les diff\u00e9rentes options.<br \/><span class=\"x3nfvp2 x1j61x8r x1fcty0u xdj266r xhhsvwb xat24cr xgzva0m xxymvpz xlup9mm x1kky2od\"><img decoding=\"async\" class=\"xz74otr\" src=\"https:\/\/static.xx.fbcdn.net\/images\/emoji.php\/v9\/t7b\/1.5\/16\/2728.png\" alt=\"\u2728\" width=\"16\" height=\"16\"><\/span>Discussions inspirantes : B\u00e9n\u00e9ficiez des conseils de nos organisateurs d&rsquo;\u00e9v\u00e9nements exp\u00e9riment\u00e9s et d\u00e9couvrez comment nous pouvons r\u00e9aliser votre vision ensemble.<\/p>\n<p>Ne manquez pas cette occasion unique de donner vie \u00e0 votre journ\u00e9e sp\u00e9ciale !<\/p>\n\t\t\t\t\t\t\t\t<\/div>\n\t\t\t\t<div class=\"elementor-element elementor-element-79c2745 elementor-button-align-stretch elementor-widget elementor-widget-form\" data-id=\"79c2745\" data-element_type=\"widget\" data-settings=\"{&quot;step_next_label&quot;:&quot;Suivant&quot;,&quot;step_previous_label&quot;:&quot;Pr\\u00e9c\\u00e9dent&quot;,&quot;step_type&quot;:&quot;none&quot;,&quot;step_icon_shape&quot;:&quot;none&quot;,&quot;button_width&quot;:&quot;100&quot;}\" data-widget_type=\"form.default\">\n\t\t\t\t\t\t\t<form class=\"elementor-form\" method=\"post\" name=\"Nouvelle forme\">\n\t\t\t<input type=\"hidden\" name=\"post_id\" value=\"3970\"\/>\n\t\t\t<input type=\"hidden\" name=\"form_id\" value=\"79c2745\"\/>\n\t\t\t<input type=\"hidden\" name=\"referer_title\" value=\"Alta Ripa\" \/>\n\n\t\t\t\n\t\t\t<div class=\"elementor-form-fields-wrapper elementor-labels-above\">\n\t\t\t\t\t\t\t\t<div class=\"elementor-field-type-text elementor-field-group elementor-column elementor-field-group-name elementor-col-100\">\n\t\t\t\t\t\t\t\t\t\t\t\t<label for=\"form-field-name\" class=\"elementor-field-label\">\n\t\t\t\t\t\t\t\tNom\t\t\t\t\t\t\t<\/label>\n\t\t\t\t\t\t\t\t\t\t\t\t\t\t<input size=\"1\" type=\"text\" name=\"form_fields[name]\" id=\"form-field-name\" class=\"elementor-field elementor-size-md  elementor-field-textual\" placeholder=\"Nom\">\n\t\t\t\t\t\t\t\t\t\t\t<\/div>\n\t\t\t\t\t\t\t\t<div class=\"elementor-field-type-email elementor-field-group elementor-column elementor-field-group-email elementor-col-100 elementor-field-required elementor-mark-required\">\n\t\t\t\t\t\t\t\t\t\t\t\t<label for=\"form-field-email\" class=\"elementor-field-label\">\n\t\t\t\t\t\t\t\tEmail\t\t\t\t\t\t\t<\/label>\n\t\t\t\t\t\t\t\t\t\t\t\t\t\t<input size=\"1\" type=\"email\" name=\"form_fields[email]\" id=\"form-field-email\" class=\"elementor-field elementor-size-md  elementor-field-textual\" placeholder=\"Email\" required=\"required\">\n\t\t\t\t\t\t\t\t\t\t\t<\/div>\n\t\t\t\t\t\t\t\t<div class=\"elementor-field-type-text elementor-field-group elementor-column elementor-field-group-field_65fcb35 elementor-col-100 elementor-field-required elementor-mark-required\">\n\t\t\t\t\t\t\t\t\t\t\t\t<label for=\"form-field-field_65fcb35\" class=\"elementor-field-label\">\n\t\t\t\t\t\t\t\tNombre de personnes\t\t\t\t\t\t\t<\/label>\n\t\t\t\t\t\t\t\t\t\t\t\t\t\t<input size=\"1\" type=\"text\" name=\"form_fields[field_65fcb35]\" id=\"form-field-field_65fcb35\" class=\"elementor-field elementor-size-md  elementor-field-textual\" placeholder=\"ex.: 3\" required=\"required\">\n\t\t\t\t\t\t\t\t\t\t\t<\/div>\n\t\t\t\t\t\t\t\t<div class=\"elementor-field-type-select elementor-field-group elementor-column elementor-field-group-field_a5384dd elementor-col-100 elementor-field-required elementor-mark-required\">\n\t\t\t\t\t\t\t\t\t\t\t\t<label for=\"form-field-field_a5384dd\" class=\"elementor-field-label\">\n\t\t\t\t\t\t\t\tcr\u00e9neau horaire\t\t\t\t\t\t\t<\/label>\n\t\t\t\t\t\t\t\t<div class=\"elementor-field elementor-select-wrapper remove-before \">\n\t\t\t<div class=\"select-caret-down-wrapper\">\n\t\t\t\t<svg aria-hidden=\"true\" class=\"e-font-icon-svg e-eicon-caret-down\" viewBox=\"0 0 571.4 571.4\" xmlns=\"http:\/\/www.w3.org\/2000\/svg\"><path d=\"M571 393Q571 407 561 418L311 668Q300 679 286 679T261 668L11 418Q0 407 0 393T11 368 36 357H536Q550 357 561 368T571 393Z\"><\/path><\/svg>\t\t\t<\/div>\n\t\t\t<select name=\"form_fields[field_a5384dd]\" id=\"form-field-field_a5384dd\" class=\"elementor-field-textual elementor-size-md\" required=\"required\">\n\t\t\t\t\t\t\t\t\t<option value=\"11u - 13u\">11u - 13u<\/option>\n\t\t\t\t\t\t\t\t\t<option value=\"13u - 15u\">13u - 15u<\/option>\n\t\t\t\t\t\t\t\t\t<option value=\"15u - 17u\">15u - 17u<\/option>\n\t\t\t\t\t\t\t<\/select>\n\t\t<\/div>\n\t\t\t\t\t\t<\/div>\n\t\t\t\t\t\t\t\t<div class=\"elementor-field-type-checkbox elementor-field-group elementor-column elementor-field-group-field_9c046cb elementor-col-100\">\n\t\t\t\t\t\t\t\t\t\t\t\t<label for=\"form-field-field_9c046cb\" class=\"elementor-field-label\">\n\t\t\t\t\t\t\t\tOccasion\t\t\t\t\t\t\t<\/label>\n\t\t\t\t\t\t<div class=\"elementor-field-subgroup  \"><span class=\"elementor-field-option\"><input type=\"checkbox\" value=\"Professionnel\" id=\"form-field-field_9c046cb-0\" name=\"form_fields[field_9c046cb][]\"> <label for=\"form-field-field_9c046cb-0\">Professionnel<\/label><\/span><span class=\"elementor-field-option\"><input type=\"checkbox\" value=\"Priv\u00e9\" id=\"form-field-field_9c046cb-1\" name=\"form_fields[field_9c046cb][]\"> <label for=\"form-field-field_9c046cb-1\">Priv\u00e9<\/label><\/span><\/div>\t\t\t\t<\/div>\n\t\t\t\t\t\t\t\t<div class=\"elementor-field-group elementor-column elementor-field-type-submit elementor-col-100 e-form__buttons\">\n\t\t\t\t\t<button class=\"elementor-button elementor-size-sm\" type=\"submit\">\n\t\t\t\t\t\t<span class=\"elementor-button-content-wrapper\">\n\t\t\t\t\t\t\t\t\t\t\t\t\t\t\t\t\t\t\t\t\t\t<span class=\"elementor-button-text\">Envoyer<\/span>\n\t\t\t\t\t\t\t\t\t\t\t\t\t<\/span>\n\t\t\t\t\t<\/button>\n\t\t\t\t<\/div>\n\t\t\t<\/div>\n\t\t<\/form>\n\t\t\t\t\t\t<\/div>\n\t\t\t\t\t<\/div>\n\t\t\t\t<\/div>\n\t\t\t\t<\/div>\n\t\t","protected":false},"excerpt":{"rendered":"<p>Nous organisons une journ\u00e9e d&rsquo;inspiration exclusive pour faire connaissance avec notre salle de bal unique et nos incroyables fournisseurs !Qu&rsquo;il s&rsquo;agisse d&rsquo;un mariage, d&rsquo;un anniversaire, d&rsquo;une f\u00eate du personnel ou de toute autre occasion sp\u00e9ciale, cette journ\u00e9e promet d&rsquo;\u00eatre une source d&rsquo;inspiration pour l&rsquo;\u00e9v\u00e9nement de vos r\u00eaves. \u00c0 quoi pouvez-vous vous attendre ? Visite de [&hellip;]<\/p>\n","protected":false},"author":2,"featured_media":0,"parent":0,"menu_order":0,"comment_status":"closed","ping_status":"closed","template":"","meta":{"footnotes":""},"class_list":["post-3970","page","type-page","status-publish","hentry"],"yoast_head":"<!-- This site is optimized with the Yoast SEO plugin v27.4 - https:\/\/yoast.com\/product\/yoast-seo-wordpress\/ -->\n<title>Journ\u00e9e d&#039;inspiration : dimanche 28 avril - Alta Ripa<\/title>\n<meta name=\"robots\" content=\"index, follow, max-snippet:-1, max-image-preview:large, max-video-preview:-1\" \/>\n<link rel=\"canonical\" href=\"https:\/\/altaripa.be\/fr\/jour-de-linspiration\/\" \/>\n<meta property=\"og:locale\" content=\"fr_FR\" \/>\n<meta property=\"og:type\" content=\"article\" \/>\n<meta property=\"og:title\" content=\"Journ\u00e9e d&#039;inspiration : dimanche 28 avril - Alta Ripa\" \/>\n<meta property=\"og:description\" content=\"Nous organisons une journ\u00e9e d&rsquo;inspiration exclusive pour faire connaissance avec notre salle de bal unique et nos incroyables fournisseurs !Qu&rsquo;il s&rsquo;agisse d&rsquo;un mariage, d&rsquo;un anniversaire, d&rsquo;une f\u00eate du personnel ou de toute autre occasion sp\u00e9ciale, cette journ\u00e9e promet d&rsquo;\u00eatre une source d&rsquo;inspiration pour l&rsquo;\u00e9v\u00e9nement de vos r\u00eaves. \u00c0 quoi pouvez-vous vous attendre ? Visite de [&hellip;]\" \/>\n<meta property=\"og:url\" content=\"https:\/\/altaripa.be\/fr\/jour-de-linspiration\/\" \/>\n<meta property=\"og:site_name\" content=\"Alta Ripa\" \/>\n<meta property=\"article:publisher\" content=\"https:\/\/www.facebook.com\/AltaRipaOudTurnhout\/\" \/>\n<meta property=\"article:modified_time\" content=\"2025-01-30T10:24:39+00:00\" \/>\n<meta property=\"og:image\" content=\"https:\/\/static.xx.fbcdn.net\/images\/emoji.php\/v9\/t7b\/1.5\/16\/2728.png\" \/>\n<meta name=\"twitter:card\" content=\"summary_large_image\" \/>\n<meta name=\"twitter:label1\" content=\"Dur\u00e9e de lecture estim\u00e9e\" \/>\n\t<meta name=\"twitter:data1\" content=\"1 minute\" \/>\n<script type=\"application\/ld+json\" class=\"yoast-schema-graph\">{\"@context\":\"https:\\\/\\\/schema.org\",\"@graph\":[{\"@type\":\"WebPage\",\"@id\":\"https:\\\/\\\/altaripa.be\\\/fr\\\/jour-de-linspiration\\\/\",\"url\":\"https:\\\/\\\/altaripa.be\\\/fr\\\/jour-de-linspiration\\\/\",\"name\":\"Journ\u00e9e d'inspiration : dimanche 28 avril - Alta Ripa\",\"isPartOf\":{\"@id\":\"https:\\\/\\\/altaripa.be\\\/fr\\\/#website\"},\"primaryImageOfPage\":{\"@id\":\"https:\\\/\\\/altaripa.be\\\/fr\\\/jour-de-linspiration\\\/#primaryimage\"},\"image\":{\"@id\":\"https:\\\/\\\/altaripa.be\\\/fr\\\/jour-de-linspiration\\\/#primaryimage\"},\"thumbnailUrl\":\"https:\\\/\\\/static.xx.fbcdn.net\\\/images\\\/emoji.php\\\/v9\\\/t7b\\\/1.5\\\/16\\\/2728.png\",\"datePublished\":\"2024-03-07T08:58:41+00:00\",\"dateModified\":\"2025-01-30T10:24:39+00:00\",\"breadcrumb\":{\"@id\":\"https:\\\/\\\/altaripa.be\\\/fr\\\/jour-de-linspiration\\\/#breadcrumb\"},\"inLanguage\":\"fr-FR\",\"potentialAction\":[{\"@type\":\"ReadAction\",\"target\":[\"https:\\\/\\\/altaripa.be\\\/fr\\\/jour-de-linspiration\\\/\"]}]},{\"@type\":\"ImageObject\",\"inLanguage\":\"fr-FR\",\"@id\":\"https:\\\/\\\/altaripa.be\\\/fr\\\/jour-de-linspiration\\\/#primaryimage\",\"url\":\"https:\\\/\\\/static.xx.fbcdn.net\\\/images\\\/emoji.php\\\/v9\\\/t7b\\\/1.5\\\/16\\\/2728.png\",\"contentUrl\":\"https:\\\/\\\/static.xx.fbcdn.net\\\/images\\\/emoji.php\\\/v9\\\/t7b\\\/1.5\\\/16\\\/2728.png\"},{\"@type\":\"BreadcrumbList\",\"@id\":\"https:\\\/\\\/altaripa.be\\\/fr\\\/jour-de-linspiration\\\/#breadcrumb\",\"itemListElement\":[{\"@type\":\"ListItem\",\"position\":1,\"name\":\"Home\",\"item\":\"https:\\\/\\\/altaripa.be\\\/fr\\\/\"},{\"@type\":\"ListItem\",\"position\":2,\"name\":\"Journ\u00e9e d&#8217;inspiration : dimanche 28 avril\"}]},{\"@type\":\"WebSite\",\"@id\":\"https:\\\/\\\/altaripa.be\\\/fr\\\/#website\",\"url\":\"https:\\\/\\\/altaripa.be\\\/fr\\\/\",\"name\":\"Alta Ripa\",\"description\":\"Alta Ripa II in Oud-Turnhout - Events in Stijl\",\"publisher\":{\"@id\":\"https:\\\/\\\/altaripa.be\\\/fr\\\/#organization\"},\"potentialAction\":[{\"@type\":\"SearchAction\",\"target\":{\"@type\":\"EntryPoint\",\"urlTemplate\":\"https:\\\/\\\/altaripa.be\\\/fr\\\/?s={search_term_string}\"},\"query-input\":{\"@type\":\"PropertyValueSpecification\",\"valueRequired\":true,\"valueName\":\"search_term_string\"}}],\"inLanguage\":\"fr-FR\"},{\"@type\":\"Organization\",\"@id\":\"https:\\\/\\\/altaripa.be\\\/fr\\\/#organization\",\"name\":\"Alta Ripa II\",\"url\":\"https:\\\/\\\/altaripa.be\\\/fr\\\/\",\"logo\":{\"@type\":\"ImageObject\",\"inLanguage\":\"fr-FR\",\"@id\":\"https:\\\/\\\/altaripa.be\\\/fr\\\/#\\\/schema\\\/logo\\\/image\\\/\",\"url\":\"https:\\\/\\\/altaripa.be\\\/wp-content\\\/uploads\\\/2023\\\/04\\\/text-altaripa.svg\",\"contentUrl\":\"https:\\\/\\\/altaripa.be\\\/wp-content\\\/uploads\\\/2023\\\/04\\\/text-altaripa.svg\",\"caption\":\"Alta Ripa II\"},\"image\":{\"@id\":\"https:\\\/\\\/altaripa.be\\\/fr\\\/#\\\/schema\\\/logo\\\/image\\\/\"},\"sameAs\":[\"https:\\\/\\\/www.facebook.com\\\/AltaRipaOudTurnhout\\\/\"]}]}<\/script>\n<!-- \/ Yoast SEO plugin. -->","yoast_head_json":{"title":"Journ\u00e9e d'inspiration : dimanche 28 avril - Alta Ripa","robots":{"index":"index","follow":"follow","max-snippet":"max-snippet:-1","max-image-preview":"max-image-preview:large","max-video-preview":"max-video-preview:-1"},"canonical":"https:\/\/altaripa.be\/fr\/jour-de-linspiration\/","og_locale":"fr_FR","og_type":"article","og_title":"Journ\u00e9e d'inspiration : dimanche 28 avril - Alta Ripa","og_description":"Nous organisons une journ\u00e9e d&rsquo;inspiration exclusive pour faire connaissance avec notre salle de bal unique et nos incroyables fournisseurs !Qu&rsquo;il s&rsquo;agisse d&rsquo;un mariage, d&rsquo;un anniversaire, d&rsquo;une f\u00eate du personnel ou de toute autre occasion sp\u00e9ciale, cette journ\u00e9e promet d&rsquo;\u00eatre une source d&rsquo;inspiration pour l&rsquo;\u00e9v\u00e9nement de vos r\u00eaves. \u00c0 quoi pouvez-vous vous attendre ? Visite de [&hellip;]","og_url":"https:\/\/altaripa.be\/fr\/jour-de-linspiration\/","og_site_name":"Alta Ripa","article_publisher":"https:\/\/www.facebook.com\/AltaRipaOudTurnhout\/","article_modified_time":"2025-01-30T10:24:39+00:00","og_image":[{"url":"https:\/\/static.xx.fbcdn.net\/images\/emoji.php\/v9\/t7b\/1.5\/16\/2728.png","type":"","width":"","height":""}],"twitter_card":"summary_large_image","twitter_misc":{"Dur\u00e9e de lecture estim\u00e9e":"1 minute"},"schema":{"@context":"https:\/\/schema.org","@graph":[{"@type":"WebPage","@id":"https:\/\/altaripa.be\/fr\/jour-de-linspiration\/","url":"https:\/\/altaripa.be\/fr\/jour-de-linspiration\/","name":"Journ\u00e9e d'inspiration : dimanche 28 avril - Alta Ripa","isPartOf":{"@id":"https:\/\/altaripa.be\/fr\/#website"},"primaryImageOfPage":{"@id":"https:\/\/altaripa.be\/fr\/jour-de-linspiration\/#primaryimage"},"image":{"@id":"https:\/\/altaripa.be\/fr\/jour-de-linspiration\/#primaryimage"},"thumbnailUrl":"https:\/\/static.xx.fbcdn.net\/images\/emoji.php\/v9\/t7b\/1.5\/16\/2728.png","datePublished":"2024-03-07T08:58:41+00:00","dateModified":"2025-01-30T10:24:39+00:00","breadcrumb":{"@id":"https:\/\/altaripa.be\/fr\/jour-de-linspiration\/#breadcrumb"},"inLanguage":"fr-FR","potentialAction":[{"@type":"ReadAction","target":["https:\/\/altaripa.be\/fr\/jour-de-linspiration\/"]}]},{"@type":"ImageObject","inLanguage":"fr-FR","@id":"https:\/\/altaripa.be\/fr\/jour-de-linspiration\/#primaryimage","url":"https:\/\/static.xx.fbcdn.net\/images\/emoji.php\/v9\/t7b\/1.5\/16\/2728.png","contentUrl":"https:\/\/static.xx.fbcdn.net\/images\/emoji.php\/v9\/t7b\/1.5\/16\/2728.png"},{"@type":"BreadcrumbList","@id":"https:\/\/altaripa.be\/fr\/jour-de-linspiration\/#breadcrumb","itemListElement":[{"@type":"ListItem","position":1,"name":"Home","item":"https:\/\/altaripa.be\/fr\/"},{"@type":"ListItem","position":2,"name":"Journ\u00e9e d&#8217;inspiration : dimanche 28 avril"}]},{"@type":"WebSite","@id":"https:\/\/altaripa.be\/fr\/#website","url":"https:\/\/altaripa.be\/fr\/","name":"Alta Ripa","description":"Alta Ripa II in Oud-Turnhout - Events in Stijl","publisher":{"@id":"https:\/\/altaripa.be\/fr\/#organization"},"potentialAction":[{"@type":"SearchAction","target":{"@type":"EntryPoint","urlTemplate":"https:\/\/altaripa.be\/fr\/?s={search_term_string}"},"query-input":{"@type":"PropertyValueSpecification","valueRequired":true,"valueName":"search_term_string"}}],"inLanguage":"fr-FR"},{"@type":"Organization","@id":"https:\/\/altaripa.be\/fr\/#organization","name":"Alta Ripa II","url":"https:\/\/altaripa.be\/fr\/","logo":{"@type":"ImageObject","inLanguage":"fr-FR","@id":"https:\/\/altaripa.be\/fr\/#\/schema\/logo\/image\/","url":"https:\/\/altaripa.be\/wp-content\/uploads\/2023\/04\/text-altaripa.svg","contentUrl":"https:\/\/altaripa.be\/wp-content\/uploads\/2023\/04\/text-altaripa.svg","caption":"Alta Ripa II"},"image":{"@id":"https:\/\/altaripa.be\/fr\/#\/schema\/logo\/image\/"},"sameAs":["https:\/\/www.facebook.com\/AltaRipaOudTurnhout\/"]}]}},"_links":{"self":[{"href":"https:\/\/altaripa.be\/fr\/wp-json\/wp\/v2\/pages\/3970","targetHints":{"allow":["GET"]}}],"collection":[{"href":"https:\/\/altaripa.be\/fr\/wp-json\/wp\/v2\/pages"}],"about":[{"href":"https:\/\/altaripa.be\/fr\/wp-json\/wp\/v2\/types\/page"}],"author":[{"embeddable":true,"href":"https:\/\/altaripa.be\/fr\/wp-json\/wp\/v2\/users\/2"}],"replies":[{"embeddable":true,"href":"https:\/\/altaripa.be\/fr\/wp-json\/wp\/v2\/comments?post=3970"}],"version-history":[{"count":0,"href":"https:\/\/altaripa.be\/fr\/wp-json\/wp\/v2\/pages\/3970\/revisions"}],"wp:attachment":[{"href":"https:\/\/altaripa.be\/fr\/wp-json\/wp\/v2\/media?parent=3970"}],"curies":[{"name":"wp","href":"https:\/\/api.w.org\/{rel}","templated":true}]}}